{"id":70,"date":"2016-08-22T20:09:27","date_gmt":"2016-08-22T18:09:27","guid":{"rendered":"http:\/\/trans-hurt.pl\/?page_id=70"},"modified":"2016-12-08T21:30:11","modified_gmt":"2016-12-08T20:30:11","slug":"prostownik-thr-831","status":"publish","type":"page","link":"https:\/\/trans-hurt.pl\/index.php\/prostownik-thr-831\/","title":{"rendered":"Prostownik THR-831"},"content":{"rendered":"<table style=\"height: 1254px;\" border=\"0\" width=\"1376\" cellspacing=\"5\" cellpadding=\"5\">\n<tbody>\n<tr>\n<td align=\"center\" width=\"300\"><a href=\"http:\/\/trans-hurt.pl\/wp-content\/uploads\/2016\/08\/831.jpg\"><img loading=\"lazy\" class=\"alignnone wp-image-120 size-medium\" src=\"http:\/\/trans-hurt.pl\/wp-content\/uploads\/2016\/08\/831-300x258.jpg\" alt=\"831\" width=\"300\" height=\"258\" srcset=\"https:\/\/trans-hurt.pl\/wp-content\/uploads\/2016\/08\/831-300x258.jpg 300w, https:\/\/trans-hurt.pl\/wp-content\/uploads\/2016\/08\/831.jpg 590w\" sizes=\"(max-width: 300px) 100vw, 300px\" \/><\/a><\/td>\n<td class=\"opis3\" valign=\"top\" width=\"378\">\n<table style=\"height: 278px;\" border=\"0\" width=\"1002\" cellspacing=\"2\" cellpadding=\"0\">\n<tbody>\n<tr>\n<td>Nazwa towaru:<\/td>\n<td class=\"opis4\">Prostownik do \u0142adowania akumulator\u00f3w<\/td>\n<\/tr>\n<tr>\n<td>Oznaczenie:<\/td>\n<td class=\"opis4\"><strong>THR &#8211; 831 12 V 15A<br \/>\n<\/strong><\/td>\n<\/tr>\n<\/tbody>\n<\/table>\n<\/td>\n<\/tr>\n<tr>\n<td class=\"opis\" colspan=\"2\"><b>ZASTOSOWANIE : <\/b><br \/>\nUniwersalny, profesjonalny i niezawodny prostownik do \u0142adowania\u00a0 akumulator\u00f3w 12V w zakresie od 30\u2013160 Ah. Posiada skokow\u0105 regulacj\u0119 pr\u0105du \u0142adowania. Wyposa\u017cony w znakomicie zaprojektowany 120 W transformator, doskonale nadaje si\u0119 do pracy ci\u0105g\u0142ej r\u00f3wnie\u017c w\u00a0 warunkach warsztatowych.\u00a0 Komplet najwy\u017cszej klasy zabezpiecze\u0144 czyni go bardzo niezawodnym.<\/td>\n<\/tr>\n<tr>\n<td class=\"opis2\" colspan=\"2\"><b>CHARAKTERYSTYKA : <\/b><\/p>\n<ul>\n<li>znamionowe napi\u0119cie zasilania 230V , 50 Hz<\/li>\n<li>zakres \u0142adowanych akumulator\u00f3w od 30-160 AH<\/li>\n<li>sygnalizacja\u00a0 gotowo\u015bci prostownika do \u0142adowania oraz procesu \u0142adowania<\/li>\n<li>automatyczne-powtarzalne zabezpieczenie termiczne<\/li>\n<li>profesjonalne zabezpieczenie przed zamian\u0105 zacisk\u00f3w firmy MELLER<\/li>\n<li>profesjonalne zabezpieczenie przeciwzwarciowe firmy MELLER<\/li>\n<li>regulacja pr\u0105du \u0142adowania od 5 lub 15A<\/li>\n<li>posiada\u00a0 amperomierz<\/li>\n<\/ul>\n<\/td>\n<\/tr>\n<tr>\n<td colspan=\"2\">\n<div><b>DANE TECHNICZNE : <\/b><\/div>\n<div>\n<ul>\n<li>pob\u00f3r mocy dla 230V &#8211; 120 VA<\/li>\n<li>sprawno\u015b\u0107-75%<\/li>\n<li>klasa ochrony-II<\/li>\n<li>stopie\u0144 ochrony-IP 20<\/li>\n<li>napi\u0119cie wyj\u015bciowe-12V<\/li>\n<li>pr\u0105d wyj\u015bciowy max-15A<\/li>\n<li>pr\u0105d wyj\u015bciowy skuteczny-10 A<\/li>\n<li>zabezpieczenie wk\u0142adk\u0105 bezpiecznikow\u0105 &#8211; \u00a0WTA-T-2000 mA\/250 V<\/li>\n<li>wymiary (d\u0142. x sz. x wys.) &#8211; 240 x 235 x 100<\/li>\n<li>waga: 3,4 kg<\/li>\n<\/ul>\n<\/div>\n<\/td>\n<\/tr>\n<tr>\n<td colspan=\"2\"><b>WARUNKI EKSPLOATACJI : <\/b><\/p>\n<ul>\n<li>temperatura otoczenia: -20\u00b0C \/ +30\u00b0C<\/li>\n<li>wilgotno\u015b\u0107 wzgl\u0119dna powietrza &#8211; do 85 %<\/li>\n<li>po\u0142o\u017cenie pracy &#8211; poziome<\/li>\n<\/ul>\n<p><strong>Uwaga ! Prostownik THR 831 oraz pozosta\u0142e prostowniki nie mog\u0105 by\u0107 stosowane jako urz\u0105dzenia rozruchowe do pojazd\u00f3w. <\/strong><\/td>\n<\/tr>\n<tr>\n<td colspan=\"2\"><b>WYPOSA\u017bENIE : <\/b><\/p>\n<ul>\n<li>instrukcja obs\u0142ugi<\/li>\n<li>karta gwarancyjna<\/li>\n<li>pokrowiec<\/li>\n<\/ul>\n<\/td>\n<\/tr>\n<\/tbody>\n<\/table>\n","protected":false},"excerpt":{"rendered":"<p>Nazwa towaru: Prostownik do \u0142adowania akumulator\u00f3w Oznaczenie: THR &#8211; 831 12 V 15A ZASTOSOWANIE : Uniwersalny, profesjonalny i niezawodny prostownik do \u0142adowania\u00a0 akumulator\u00f3w 12V w zakresie od 30\u2013160 Ah. Posiada skokow\u0105 regulacj\u0119 pr\u0105du \u0142adowania. Wyposa\u017cony w znakomicie zaprojektowany 120 W transformator, doskonale nadaje si\u0119 do pracy ci\u0105g\u0142ej r\u00f3wnie\u017c w\u00a0 warunkach warsztatowych.\u00a0 Komplet najwy\u017cszej klasy zabezpiecze\u0144 &#8230; <a title=\"Prostownik THR-831\" class=\"read-more\" href=\"https:\/\/trans-hurt.pl\/index.php\/prostownik-thr-831\/\" aria-label=\"More on Prostownik THR-831\">Czytaj dalej<\/a><\/p>\n","protected":false},"author":1,"featured_media":0,"parent":0,"menu_order":0,"comment_status":"closed","ping_status":"closed","template":"","meta":[],"_links":{"self":[{"href":"https:\/\/trans-hurt.pl\/index.php\/wp-json\/wp\/v2\/pages\/70"}],"collection":[{"href":"https:\/\/trans-hurt.pl\/index.php\/wp-json\/wp\/v2\/pages"}],"about":[{"href":"https:\/\/trans-hurt.pl\/index.php\/wp-json\/wp\/v2\/types\/page"}],"author":[{"embeddable":true,"href":"https:\/\/trans-hurt.pl\/index.php\/wp-json\/wp\/v2\/users\/1"}],"replies":[{"embeddable":true,"href":"https:\/\/trans-hurt.pl\/index.php\/wp-json\/wp\/v2\/comments?post=70"}],"version-history":[{"count":12,"href":"https:\/\/trans-hurt.pl\/index.php\/wp-json\/wp\/v2\/pages\/70\/revisions"}],"predecessor-version":[{"id":142,"href":"https:\/\/trans-hurt.pl\/index.php\/wp-json\/wp\/v2\/pages\/70\/revisions\/142"}],"wp:attachment":[{"href":"https:\/\/trans-hurt.pl\/index.php\/wp-json\/wp\/v2\/media?parent=70"}],"curies":[{"name":"wp","href":"https:\/\/api.w.org\/{rel}","templated":true}]}}