{"id":43,"date":"2016-08-22T18:31:20","date_gmt":"2016-08-22T16:31:20","guid":{"rendered":"http:\/\/trans-hurt.pl\/?page_id=43"},"modified":"2016-12-08T21:26:31","modified_gmt":"2016-12-08T20:26:31","slug":"prostownik-thr-512","status":"publish","type":"page","link":"https:\/\/trans-hurt.pl\/index.php\/prostownik-thr-512\/","title":{"rendered":"Prostownik THR-512"},"content":{"rendered":"<table style=\"height: 1254px;\" border=\"0\" width=\"1376\" cellspacing=\"5\" cellpadding=\"5\">\n<tbody>\n<tr>\n<td align=\"center\" width=\"512\"><a href=\"http:\/\/trans-hurt.pl\/wp-content\/uploads\/2016\/08\/512_web.jpg\"><img loading=\"lazy\" class=\"alignnone wp-image-83 size-large\" src=\"http:\/\/trans-hurt.pl\/wp-content\/uploads\/2016\/08\/512_web-1024x435.jpg\" alt=\"512_web\" width=\"1024\" height=\"435\" srcset=\"https:\/\/trans-hurt.pl\/wp-content\/uploads\/2016\/08\/512_web-1024x435.jpg 1024w, https:\/\/trans-hurt.pl\/wp-content\/uploads\/2016\/08\/512_web-300x127.jpg 300w, https:\/\/trans-hurt.pl\/wp-content\/uploads\/2016\/08\/512_web-768x326.jpg 768w, https:\/\/trans-hurt.pl\/wp-content\/uploads\/2016\/08\/512_web.jpg 1391w\" sizes=\"(max-width: 1024px) 100vw, 1024px\" \/><\/a><\/td>\n<td class=\"opis3\" valign=\"top\" width=\"378\">\n<table style=\"height: 304px;\" border=\"0\" width=\"583\" cellspacing=\"2\" cellpadding=\"0\">\n<tbody>\n<tr>\n<td>Nazwa towaru:<\/td>\n<td class=\"opis4\">Prostownik do \u0142adowania akumulator\u00f3w<\/td>\n<\/tr>\n<tr>\n<td>Oznaczenie:<\/td>\n<td class=\"opis4\"><strong>THR-512 12V 4A<\/strong><\/td>\n<\/tr>\n<\/tbody>\n<\/table>\n<\/td>\n<\/tr>\n<tr>\n<td class=\"opis\" colspan=\"2\"><b>ZASTOSOWANIE : <\/b><br \/>\nBardzo funkcjonalny prostownik z por\u0119cznym uchwytem przeznaczony do \u0142adowania akumulator\u00f3w obs\u0142ugowych i bezobs\u0142ugowych kwasowo-o\u0142owiowych w zakresie 20 &#8211; 55 Ah. Urz\u0105dzenie to stanowi niezb\u0119dne wyposa\u017cenie ka\u017cdego u\u017cytkownika samochodu osobowego lub dostawczego.<\/td>\n<\/tr>\n<tr>\n<td class=\"opis2\" colspan=\"2\"><b>CHARAKTERYSTYKA : <\/b><\/p>\n<ul>\n<li>znamionowe napi\u0119cie zasilania 230V , 50 Hz<\/li>\n<li>zakres \u0142adowanych akumulator\u00f3w od 20-55 AH<\/li>\n<li>automatyczne \u0142adowanie<\/li>\n<li>zabezpieczenie termiczne<\/li>\n<li>zabezpieczenie przeciwzwarciowe &#8211; bezpiecznikiem topikowym<\/li>\n<li>por\u0119czny uchwyt do przenoszenia<\/li>\n<li>posiada diod\u0119 inf. o gotowo\u015bci \u0142adowania<\/li>\n<\/ul>\n<\/td>\n<\/tr>\n<tr>\n<td colspan=\"2\">\n<div><b>DANE TECHNICZNE : <\/b><\/div>\n<div>\n<ul>\n<li>pob\u00f3r mocy dla 230V &#8211; 30 VA<\/li>\n<li>sprawno\u015b\u0107-75%<\/li>\n<li>klasa ochrony &#8211; II<\/li>\n<li>stopie\u0144 ochrony- IP 20<\/li>\n<li>napi\u0119cie wyj\u015bciowe &#8211; 12V<\/li>\n<li>pr\u0105d wyj\u015bciowy max &#8211;\u00a0 4A<\/li>\n<li>pr\u0105d wyj\u015bciowy skuteczny-2,5 A<\/li>\n<li>zabezpieczenie wk\u0142adk\u0105 bezpiecznikow\u0105 &#8211; WTA-T-800 Ma\/250 V<\/li>\n<li>wymiary (d\u0142. x sz. x wys.) &#8211; 155 x 150 x 80<\/li>\n<li>waga 1,08 kg<\/li>\n<\/ul>\n<\/div>\n<\/td>\n<\/tr>\n<tr>\n<td colspan=\"2\"><b>WARUNKI EKSPLOATACJI : <\/b><\/p>\n<ul>\n<li>temperatura otoczenia : -20\u00b0C \/ +40\u00b0C<\/li>\n<li>wilgotno\u015b\u0107 wzgl\u0119dna powietrza &#8211; do 85 %<\/li>\n<li>po\u0142o\u017cenie pracy &#8211; pionowe<\/li>\n<\/ul>\n<\/td>\n<\/tr>\n<tr>\n<td colspan=\"2\"><b>WYPOSA\u017bENIE : <\/b><\/p>\n<ul>\n<li>instrukcja obs\u0142ugi<\/li>\n<li>karta gwarancyjna<\/li>\n<li>pokrowiec<\/li>\n<\/ul>\n<\/td>\n<\/tr>\n<\/tbody>\n<\/table>\n","protected":false},"excerpt":{"rendered":"<p>Nazwa towaru: Prostownik do \u0142adowania akumulator\u00f3w Oznaczenie: THR-512 12V 4A ZASTOSOWANIE : Bardzo funkcjonalny prostownik z por\u0119cznym uchwytem przeznaczony do \u0142adowania akumulator\u00f3w obs\u0142ugowych i bezobs\u0142ugowych kwasowo-o\u0142owiowych w zakresie 20 &#8211; 55 Ah. Urz\u0105dzenie to stanowi niezb\u0119dne wyposa\u017cenie ka\u017cdego u\u017cytkownika samochodu osobowego lub dostawczego. CHARAKTERYSTYKA : znamionowe napi\u0119cie zasilania 230V , 50 Hz zakres \u0142adowanych akumulator\u00f3w &#8230; <a title=\"Prostownik THR-512\" class=\"read-more\" href=\"https:\/\/trans-hurt.pl\/index.php\/prostownik-thr-512\/\" aria-label=\"More on Prostownik THR-512\">Czytaj dalej<\/a><\/p>\n","protected":false},"author":1,"featured_media":0,"parent":0,"menu_order":0,"comment_status":"closed","ping_status":"closed","template":"","meta":[],"_links":{"self":[{"href":"https:\/\/trans-hurt.pl\/index.php\/wp-json\/wp\/v2\/pages\/43"}],"collection":[{"href":"https:\/\/trans-hurt.pl\/index.php\/wp-json\/wp\/v2\/pages"}],"about":[{"href":"https:\/\/trans-hurt.pl\/index.php\/wp-json\/wp\/v2\/types\/page"}],"author":[{"embeddable":true,"href":"https:\/\/trans-hurt.pl\/index.php\/wp-json\/wp\/v2\/users\/1"}],"replies":[{"embeddable":true,"href":"https:\/\/trans-hurt.pl\/index.php\/wp-json\/wp\/v2\/comments?post=43"}],"version-history":[{"count":17,"href":"https:\/\/trans-hurt.pl\/index.php\/wp-json\/wp\/v2\/pages\/43\/revisions"}],"predecessor-version":[{"id":137,"href":"https:\/\/trans-hurt.pl\/index.php\/wp-json\/wp\/v2\/pages\/43\/revisions\/137"}],"wp:attachment":[{"href":"https:\/\/trans-hurt.pl\/index.php\/wp-json\/wp\/v2\/media?parent=43"}],"curies":[{"name":"wp","href":"https:\/\/api.w.org\/{rel}","templated":true}]}}