{"id":25,"date":"2016-08-22T16:18:49","date_gmt":"2016-08-22T14:18:49","guid":{"rendered":"http:\/\/trans-hurt.pl\/?page_id=25"},"modified":"2016-09-06T14:58:33","modified_gmt":"2016-09-06T12:58:33","slug":"prostowniki","status":"publish","type":"page","link":"https:\/\/trans-hurt.pl\/index.php\/prostowniki\/","title":{"rendered":"Prostowniki do akumulator\u00f3w &#8211; produkcja"},"content":{"rendered":"<p>Produkcj\u0105 prostownik\u00f3w zajmujemy si\u0119 od pocz\u0105tk\u00f3w powstania firmy czyli od 1991 roku. Nasza wieloletnia obecno\u015b\u0107 na rynku pozwala nam utrzyma\u0107 i zarazem usprawnia\u0107 jako\u015b\u0107 produkowanych przez nas wyrob\u00f3w.<\/p>\n<p>W ci\u0105g\u0142ej sprzeda\u017cy mamy 6 r\u00f3\u017cnych typ\u00f3w prostownik\u00f3w na kt\u00f3re posiadamy zg\u0142oszenia patentowe jak r\u00f3wnie\u017c potrzebne certyfikaty gwarantuj\u0105ce bezpieczne i dok\u0142adnie \u0142adowanie akumulator\u00f3w.<\/p>\n<p>Mo\u017cemy zatem z ca\u0142\u0105 pewno\u015bci\u0105 zagwarantowa\u0107 pa\u0144stwu bezpieczne i trwa\u0142e dzia\u0142anie ka\u017cdego nabytego u nas prostownika.<\/p>\n<p>Ka\u017cdy model obj\u0119ty jest <strong>12- miesi\u0119czn\u0105 <\/strong>gwarancj\u0105.<\/p>\n<p><img loading=\"lazy\" class=\"size-large wp-image-93 aligncenter\" src=\"http:\/\/trans-hurt.pl\/wp-content\/uploads\/2016\/08\/thr-724x1024.jpg\" alt=\"thr\" width=\"724\" height=\"1024\" srcset=\"https:\/\/trans-hurt.pl\/wp-content\/uploads\/2016\/08\/thr-724x1024.jpg 724w, https:\/\/trans-hurt.pl\/wp-content\/uploads\/2016\/08\/thr-212x300.jpg 212w, https:\/\/trans-hurt.pl\/wp-content\/uploads\/2016\/08\/thr-768x1086.jpg 768w\" sizes=\"(max-width: 724px) 100vw, 724px\" \/><\/p>\n","protected":false},"excerpt":{"rendered":"<p>Produkcj\u0105 prostownik\u00f3w zajmujemy si\u0119 od pocz\u0105tk\u00f3w powstania firmy czyli od 1991 roku. Nasza wieloletnia obecno\u015b\u0107 na rynku pozwala nam utrzyma\u0107 i zarazem usprawnia\u0107 jako\u015b\u0107 produkowanych przez nas wyrob\u00f3w. W ci\u0105g\u0142ej sprzeda\u017cy mamy 6 r\u00f3\u017cnych typ\u00f3w prostownik\u00f3w na kt\u00f3re posiadamy zg\u0142oszenia patentowe jak r\u00f3wnie\u017c potrzebne certyfikaty gwarantuj\u0105ce bezpieczne i dok\u0142adnie \u0142adowanie akumulator\u00f3w. Mo\u017cemy zatem z ca\u0142\u0105 &#8230; <a title=\"Prostowniki do akumulator\u00f3w &#8211; produkcja\" class=\"read-more\" href=\"https:\/\/trans-hurt.pl\/index.php\/prostowniki\/\" aria-label=\"More on Prostowniki do akumulator\u00f3w &#8211; produkcja\">Czytaj dalej<\/a><\/p>\n","protected":false},"author":1,"featured_media":0,"parent":0,"menu_order":0,"comment_status":"closed","ping_status":"closed","template":"","meta":[],"_links":{"self":[{"href":"https:\/\/trans-hurt.pl\/index.php\/wp-json\/wp\/v2\/pages\/25"}],"collection":[{"href":"https:\/\/trans-hurt.pl\/index.php\/wp-json\/wp\/v2\/pages"}],"about":[{"href":"https:\/\/trans-hurt.pl\/index.php\/wp-json\/wp\/v2\/types\/page"}],"author":[{"embeddable":true,"href":"https:\/\/trans-hurt.pl\/index.php\/wp-json\/wp\/v2\/users\/1"}],"replies":[{"embeddable":true,"href":"https:\/\/trans-hurt.pl\/index.php\/wp-json\/wp\/v2\/comments?post=25"}],"version-history":[{"count":3,"href":"https:\/\/trans-hurt.pl\/index.php\/wp-json\/wp\/v2\/pages\/25\/revisions"}],"predecessor-version":[{"id":118,"href":"https:\/\/trans-hurt.pl\/index.php\/wp-json\/wp\/v2\/pages\/25\/revisions\/118"}],"wp:attachment":[{"href":"https:\/\/trans-hurt.pl\/index.php\/wp-json\/wp\/v2\/media?parent=25"}],"curies":[{"name":"wp","href":"https:\/\/api.w.org\/{rel}","templated":true}]}}