{"id":2,"date":"2016-03-10T16:26:34","date_gmt":"2016-03-10T15:26:34","guid":{"rendered":"http:\/\/trans-hurt.pl\/?page_id=2"},"modified":"2016-08-23T18:26:04","modified_gmt":"2016-08-23T16:26:04","slug":"przykladowa-strona","status":"publish","type":"page","link":"https:\/\/trans-hurt.pl\/","title":{"rendered":"G\u0142\u00f3wna"},"content":{"rendered":"<p>&nbsp;<\/p>\n<p>Swoimi <img loading=\"lazy\" class=\"size-full wp-image-4 alignleft\" src=\"http:\/\/trans-hurt.pl\/wp-content\/uploads\/2016\/03\/logo1.jpg\" alt=\"logo1\" width=\"237\" height=\"115\" \/>korzeniami firma <b>P.P.H.U Trans-Hurt<\/b> si\u0119ga lat 70-tych, lecz jej nieskr\u0119powany i<b> dynamiczny rozw\u00f3j<\/b> przypada na lata 90-te. W tak trudnej sytuacji gospodarczej sprostali\u015bmy wszelkim wyzwaniom handlowym rynku, a <b>w\u0142a\u015bciwe kompetencje naszych pracownik\u00f3w<\/b> pozwoli\u0142y zjedna\u0107 sobie wielu, niejednokrotnie bardzo wymagaj\u0105cych klient\u00f3w.<\/p>\n<p>Gama naszych poczyna\u0144 obejmuje sfer\u0119 produkcji, handlu i us\u0142ug i rozci\u0105ga si\u0119 od zagadnie\u0144 z zakresu motoryzacji poprzez eksport, wszelkiego rodzaju kompensaty, a sko\u0144czywszy na imporcie produkt\u00f3w technicznych ale r\u00f3wnie\u017c \u017cywno\u015bciowych.<\/p>\n<p>Naszymi klientami s\u0105 firmy polskie jak r\u00f3wnie\u017c wiele firm zagranicznych g\u0142\u00f3wnie z Europy Zachodniej.\u00a0 Ka\u017cda propozycja partnera jest dla nas wyzwaniem, kt\u00f3re nigdy nie pozostaje bez odpowiedzi. <b> Perfekcyjnie<\/b> realizowana przez nas logistyka pozwala odci\u0105\u017cy\u0107 naszych kontrahent\u00f3w od niepotrzebnych koszt\u00f3w, a tym samym wzmacnia nasze\u00a0 wi\u0119zi z nimi.<\/p>\n<p>Nasza baza danych pozwala pom\u00f3c ka\u017cdemu zg\u0142aszaj\u0105cemu si\u0119 do nas klientowi w jego potrzebach. Posiadamy r\u00f3wnie\u017c informacje o firmach zachodnich poprzez nasze biura handlowe.<\/p>\n<p>Skoro ju\u017c jeste\u015b na naszej stronie nie pozostaje Ci nic innego jak <b>skontaktowa\u0107<\/b> si\u0119 z nami, przedstawi\u0107 swoj\u0105 propozycj\u0119 i czeka\u0107 na efekt naszej pracy, do czego serdecznie <b>zapraszamy<\/b>.<\/p>\n","protected":false},"excerpt":{"rendered":"<p>&nbsp; Swoimi korzeniami firma P.P.H.U Trans-Hurt si\u0119ga lat 70-tych, lecz jej nieskr\u0119powany i dynamiczny rozw\u00f3j przypada na lata 90-te. W tak trudnej sytuacji gospodarczej sprostali\u015bmy wszelkim wyzwaniom handlowym rynku, a w\u0142a\u015bciwe kompetencje naszych pracownik\u00f3w pozwoli\u0142y zjedna\u0107 sobie wielu, niejednokrotnie bardzo wymagaj\u0105cych klient\u00f3w. Gama naszych poczyna\u0144 obejmuje sfer\u0119 produkcji, handlu i us\u0142ug i rozci\u0105ga si\u0119 od &#8230; <a title=\"G\u0142\u00f3wna\" class=\"read-more\" href=\"https:\/\/trans-hurt.pl\/\" aria-label=\"More on G\u0142\u00f3wna\">Czytaj dalej<\/a><\/p>\n","protected":false},"author":1,"featured_media":0,"parent":0,"menu_order":0,"comment_status":"closed","ping_status":"closed","template":"","meta":[],"_links":{"self":[{"href":"https:\/\/trans-hurt.pl\/index.php\/wp-json\/wp\/v2\/pages\/2"}],"collection":[{"href":"https:\/\/trans-hurt.pl\/index.php\/wp-json\/wp\/v2\/pages"}],"about":[{"href":"https:\/\/trans-hurt.pl\/index.php\/wp-json\/wp\/v2\/types\/page"}],"author":[{"embeddable":true,"href":"https:\/\/trans-hurt.pl\/index.php\/wp-json\/wp\/v2\/users\/1"}],"replies":[{"embeddable":true,"href":"https:\/\/trans-hurt.pl\/index.php\/wp-json\/wp\/v2\/comments?post=2"}],"version-history":[{"count":7,"href":"https:\/\/trans-hurt.pl\/index.php\/wp-json\/wp\/v2\/pages\/2\/revisions"}],"predecessor-version":[{"id":24,"href":"https:\/\/trans-hurt.pl\/index.php\/wp-json\/wp\/v2\/pages\/2\/revisions\/24"}],"wp:attachment":[{"href":"https:\/\/trans-hurt.pl\/index.php\/wp-json\/wp\/v2\/media?parent=2"}],"curies":[{"name":"wp","href":"https:\/\/api.w.org\/{rel}","templated":true}]}}